{"id":105,"date":"2019-12-28T14:52:06","date_gmt":"2019-12-28T13:52:06","guid":{"rendered":"http:\/\/sanchez-david.fr\/rj131927-ovh\/?page_id=105"},"modified":"2020-01-01T17:26:37","modified_gmt":"2020-01-01T16:26:37","slug":"a-propos","status":"publish","type":"page","link":"http:\/\/sanchez-david.fr\/rj131927-ovh\/a-propos\/","title":{"rendered":"A propos"},"content":{"rendered":"\t\t<div data-elementor-type=\"wp-page\" data-elementor-id=\"105\" class=\"elementor elementor-105\">\n\t\t\t\t\t\t<div class=\"elementor-inner\">\n\t\t\t\t<div class=\"elementor-section-wrap\">\n\t\t\t\t\t\t\t\t\t<section class=\"elementor-section elementor-top-section elementor-element elementor-element-376900ed elementor-section-content-middle elementor-section-boxed elementor-section-height-default elementor-section-height-default\" data-id=\"376900ed\" data-element_type=\"section\" data-settings=\"{&quot;background_background&quot;:&quot;classic&quot;}\">\n\t\t\t\t\t\t<div class=\"elementor-container elementor-column-gap-no\">\n\t\t\t\t\t\t\t<div class=\"elementor-row\">\n\t\t\t\t\t<div class=\"elementor-column elementor-col-50 elementor-top-column elementor-element elementor-element-d9d66d3\" data-id=\"d9d66d3\" data-element_type=\"column\">\n\t\t\t<div class=\"elementor-column-wrap elementor-element-populated\">\n\t\t\t\t\t\t\t<div class=\"elementor-widget-wrap\">\n\t\t\t\t\t\t<div class=\"elementor-element elementor-element-3d4cd3e5 elementor-align-center elementor-widget elementor-widget-button\" data-id=\"3d4cd3e5\" data-element_type=\"widget\" data-settings=\"{&quot;_animation&quot;:&quot;none&quot;}\" data-widget_type=\"button.default\">\n\t\t\t\t<div class=\"elementor-widget-container\">\n\t\t\t\t\t<div class=\"elementor-button-wrapper\">\n\t\t\t<a href=\"http:\/\/sanchez-david.fr\/rj131927-ovh\/\" class=\"elementor-button-link elementor-button elementor-size-sm\" role=\"button\">\n\t\t\t\t\t\t<span class=\"elementor-button-content-wrapper\">\n\t\t\t\t\t\t\t<span class=\"elementor-button-icon elementor-align-icon-left\">\n\t\t\t\t<i aria-hidden=\"true\" class=\"fas fa-home\"><\/i>\t\t\t<\/span>\n\t\t\t\t\t\t<span class=\"elementor-button-text\">Accueil<\/span>\n\t\t<\/span>\n\t\t\t\t\t<\/a>\n\t\t<\/div>\n\t\t\t\t<\/div>\n\t\t\t\t<\/div>\n\t\t\t\t<div class=\"elementor-element elementor-element-5244ad5a elementor-widget elementor-widget-image\" data-id=\"5244ad5a\" data-element_type=\"widget\" data-widget_type=\"image.default\">\n\t\t\t\t<div class=\"elementor-widget-container\">\n\t\t\t\t\t\t\t\t<div class=\"elementor-image\">\n\t\t\t\t\t\t\t\t\t\t\t\t<img width=\"133\" height=\"200\" src=\"http:\/\/sanchez-david.fr\/rj131927-ovh\/wp-content\/uploads\/2019\/12\/DavidLePhotographe-320x200-1.jpg\" class=\"attachment-full size-full\" alt=\"\" loading=\"lazy\" \/>\t\t\t\t\t\t\t\t\t\t\t\t\t\t<\/div>\n\t\t\t\t\t\t<\/div>\n\t\t\t\t<\/div>\n\t\t\t\t<div class=\"elementor-element elementor-element-e14840d elementor-invisible elementor-widget elementor-widget-image\" data-id=\"e14840d\" data-element_type=\"widget\" data-settings=\"{&quot;_animation&quot;:&quot;slideInDown&quot;,&quot;_animation_tablet&quot;:&quot;slideInDown&quot;,&quot;_animation_mobile&quot;:&quot;slideInDown&quot;}\" data-widget_type=\"image.default\">\n\t\t\t\t<div class=\"elementor-widget-container\">\n\t\t\t\t\t\t\t\t<div class=\"elementor-image\">\n\t\t\t\t\t\t\t\t\t\t\t\t<img width=\"640\" height=\"640\" src=\"http:\/\/sanchez-david.fr\/rj131927-ovh\/wp-content\/uploads\/2019\/12\/logo-David-png-1024x1024.png\" class=\"attachment-large size-large\" alt=\"\" loading=\"lazy\" srcset=\"http:\/\/sanchez-david.fr\/rj131927-ovh\/wp-content\/uploads\/2019\/12\/logo-David-png-1024x1024.png 1024w, http:\/\/sanchez-david.fr\/rj131927-ovh\/wp-content\/uploads\/2019\/12\/logo-David-png-300x300.png 300w, http:\/\/sanchez-david.fr\/rj131927-ovh\/wp-content\/uploads\/2019\/12\/logo-David-png-150x150.png 150w, http:\/\/sanchez-david.fr\/rj131927-ovh\/wp-content\/uploads\/2019\/12\/logo-David-png-768x768.png 768w, http:\/\/sanchez-david.fr\/rj131927-ovh\/wp-content\/uploads\/2019\/12\/logo-David-png.png 1440w\" sizes=\"(max-width: 640px) 100vw, 640px\" \/>\t\t\t\t\t\t\t\t\t\t\t\t\t\t<\/div>\n\t\t\t\t\t\t<\/div>\n\t\t\t\t<\/div>\n\t\t\t\t\t\t<\/div>\n\t\t\t\t\t<\/div>\n\t\t<\/div>\n\t\t\t\t<div class=\"elementor-column elementor-col-50 elementor-top-column elementor-element elementor-element-6c3cfb4a\" data-id=\"6c3cfb4a\" data-element_type=\"column\">\n\t\t\t<div class=\"elementor-column-wrap elementor-element-populated\">\n\t\t\t\t\t\t\t<div class=\"elementor-widget-wrap\">\n\t\t\t\t\t\t<div class=\"elementor-element elementor-element-51cde4d elementor-widget elementor-widget-image\" data-id=\"51cde4d\" data-element_type=\"widget\" data-widget_type=\"image.default\">\n\t\t\t\t<div class=\"elementor-widget-container\">\n\t\t\t\t\t\t\t\t<div class=\"elementor-image\">\n\t\t\t\t\t\t\t\t\t\t\t\t<img width=\"48\" height=\"48\" src=\"http:\/\/sanchez-david.fr\/rj131927-ovh\/wp-content\/uploads\/2019\/12\/appareil.png\" class=\"attachment-large size-large\" alt=\"\" loading=\"lazy\" \/>\t\t\t\t\t\t\t\t\t\t\t\t\t\t<\/div>\n\t\t\t\t\t\t<\/div>\n\t\t\t\t<\/div>\n\t\t\t\t<div class=\"elementor-element elementor-element-56f525b4 elementor-widget elementor-widget-text-editor\" data-id=\"56f525b4\" data-element_type=\"widget\" data-widget_type=\"text-editor.default\">\n\t\t\t\t<div class=\"elementor-widget-container\">\n\t\t\t\t\t\t\t\t<div class=\"elementor-text-editor elementor-clearfix\">\n\t\t\t\t<p style=\"text-align: center;\">Photographe situ\u00e9 en r\u00e9gion Auvergne-Rh\u00f4ne-Alpes, je vous propose de d\u00e9couvrir mes photos. <br \/>Les pages sont d\u00e9di\u00e9es aux images captur\u00e9es au fil de mes d\u00e9ambulations.<\/p>\t\t\t\t\t<\/div>\n\t\t\t\t\t\t<\/div>\n\t\t\t\t<\/div>\n\t\t\t\t<div class=\"elementor-element elementor-element-7763c9c0 elementor-widget elementor-widget-heading\" data-id=\"7763c9c0\" data-element_type=\"widget\" data-widget_type=\"heading.default\">\n\t\t\t\t<div class=\"elementor-widget-container\">\n\t\t\t<h2 class=\"elementor-heading-title elementor-size-default\">David SANCHEZ<\/h2>\t\t<\/div>\n\t\t\t\t<\/div>\n\t\t\t\t<div class=\"elementor-element elementor-element-0c0c6fe elementor-widget elementor-widget-text-editor\" data-id=\"0c0c6fe\" data-element_type=\"widget\" data-widget_type=\"text-editor.default\">\n\t\t\t\t<div class=\"elementor-widget-container\">\n\t\t\t\t\t\t\t\t<div class=\"elementor-text-editor elementor-clearfix\">\n\t\t\t\t<p style=\"text-align: center;\">Membre de :<\/p><p style=\"text-align: center;\"><strong>Maraudeurs d&rsquo;Images<\/strong>\u00a0:<a href=\"http:\/\/maraudeursdimages.blogspot.fr\/\"><br \/>Blog\u00a0<\/a>et\u00a0<a href=\"http:\/\/www.facebook.com\/lesmaraudeursdimages\">Facebook<\/a><br \/>et<br \/><strong>Roche Pho<\/strong><strong>tographie<\/strong><\/p>\t\t\t\t\t<\/div>\n\t\t\t\t\t\t<\/div>\n\t\t\t\t<\/div>\n\t\t\t\t<div class=\"elementor-element elementor-element-79b2e3f elementor-view-framed elementor-shape-circle elementor-invisible elementor-widget elementor-widget-icon\" data-id=\"79b2e3f\" data-element_type=\"widget\" data-settings=\"{&quot;_animation&quot;:&quot;tada&quot;,&quot;_animation_tablet&quot;:&quot;tada&quot;,&quot;_animation_mobile&quot;:&quot;tada&quot;}\" data-widget_type=\"icon.default\">\n\t\t\t\t<div class=\"elementor-widget-container\">\n\t\t\t\t\t<div class=\"elementor-icon-wrapper\">\n\t\t\t<a class=\"elementor-icon elementor-animation-pulse\" href=\"https:\/\/www.instagram.com\/david_sanchez_photos\/\" target=\"_blank\">\n\t\t\t<i aria-hidden=\"true\" class=\"fab fa-instagram\"><\/i>\t\t\t<\/a>\n\t\t<\/div>\n\t\t\t\t<\/div>\n\t\t\t\t<\/div>\n\t\t\t\t<div class=\"elementor-element elementor-element-6842f21f elementor-widget elementor-widget-heading\" data-id=\"6842f21f\" data-element_type=\"widget\" data-widget_type=\"heading.default\">\n\t\t\t\t<div class=\"elementor-widget-container\">\n\t\t\t<h2 class=\"elementor-heading-title elementor-size-default\">Visitez mon intagram<\/h2>\t\t<\/div>\n\t\t\t\t<\/div>\n\t\t\t\t<div class=\"elementor-element elementor-element-7d15d3d elementor-position-top elementor-vertical-align-top elementor-widget elementor-widget-image-box\" data-id=\"7d15d3d\" data-element_type=\"widget\" data-widget_type=\"image-box.default\">\n\t\t\t\t<div class=\"elementor-widget-container\">\n\t\t\t<div class=\"elementor-image-box-wrapper\"><figure class=\"elementor-image-box-img\"><img width=\"556\" height=\"196\" src=\"http:\/\/sanchez-david.fr\/rj131927-ovh\/wp-content\/uploads\/2019\/12\/Curiosit\u00e9s-7-e1577484274813.jpg\" class=\"attachment-full size-full\" alt=\"Photo des mmains\" loading=\"lazy\" \/><\/figure><\/div>\t\t<\/div>\n\t\t\t\t<\/div>\n\t\t\t\t<div class=\"elementor-element elementor-element-31d6bc2 elementor-widget elementor-widget-testimonial\" data-id=\"31d6bc2\" data-element_type=\"widget\" data-widget_type=\"testimonial.default\">\n\t\t\t\t<div class=\"elementor-widget-container\">\n\t\t\t\t\t<div class=\"elementor-testimonial-wrapper\">\n\t\t\t\t\t\t\t<div class=\"elementor-testimonial-content\">\"Que ce que je cr\u00e9e soit de l'art ou pas n'a aucune importance. Pour moi, la photographie est un moyen d'exprimer mon \u00e9merveillement face \u00e0 des objets ou \u00e0 des individus, une mani\u00e8re de c\u00e9l\u00e9brer la po\u00e9sie de la nature comme la m\u00e9lancolie du temps qui passe.\"\n<\/div>\n\t\t\t\n\t\t\t\t\t\t<div class=\"elementor-testimonial-meta elementor-has-image elementor-testimonial-image-position-aside\">\n\t\t\t\t<div class=\"elementor-testimonial-meta-inner\">\n\t\t\t\t\t\t\t\t\t\t\t<div class=\"elementor-testimonial-image\">\n\t\t\t\t\t\t\t<a href=\"https:\/\/fr.wikipedia.org\/wiki\/Guy_Bourdin\"><img width=\"300\" height=\"312\" src=\"http:\/\/sanchez-david.fr\/rj131927-ovh\/wp-content\/uploads\/2019\/12\/Guy-Bourdin.jpg\" class=\"attachment-full size-full\" alt=\"\" loading=\"lazy\" \/><\/a>\t\t\t\t\t\t<\/div>\n\t\t\t\t\t\n\t\t\t\t\t\t\t\t\t\t<div class=\"elementor-testimonial-details\">\n\t\t\t\t\t\t\t\t\t\t\t\t\t\t<a class=\"elementor-testimonial-name\" href=\"https:\/\/fr.wikipedia.org\/wiki\/Guy_Bourdin\">Guy Bourdin<\/a>\n\t\t\t\t\t\t\t\t\t\t\t\t\t\t\t\t\t\t\t\t\t\t<a class=\"elementor-testimonial-job\" href=\"https:\/\/fr.wikipedia.org\/wiki\/Guy_Bourdin\">Photographe<\/a>\n\t\t\t\t\t\t\t\t\t\t\t\t\t<\/div>\n\t\t\t\t\t\t\t\t\t<\/div>\n\t\t\t<\/div>\n\t\t\t\t\t<\/div>\n\t\t\t\t<\/div>\n\t\t\t\t<\/div>\n\t\t\t\t\t\t<\/div>\n\t\t\t\t\t<\/div>\n\t\t<\/div>\n\t\t\t\t\t\t\t\t<\/div>\n\t\t\t\t\t<\/div>\n\t\t<\/section>\n\t\t\t\t\t\t\t\t\t<\/div>\n\t\t\t<\/div>\n\t\t\t\t\t<\/div>\n\t\t","protected":false},"excerpt":{"rendered":"<p>Accueil Photographe situ\u00e9 en r\u00e9gion Auvergne-Rh\u00f4ne-Alpes, je vous propose de d\u00e9couvrir mes photos. Les pages sont d\u00e9di\u00e9es aux images captur\u00e9es au fil de mes d\u00e9ambulations. David SANCHEZ Membre de : Maraudeurs d&rsquo;Images\u00a0:Blog\u00a0et\u00a0FacebooketRoche Photographie Visitez mon intagram \u00ab\u00a0Que ce que je cr\u00e9e soit de l&rsquo;art ou pas n&rsquo;a aucune importance. Pour moi, la photographie est un [&hellip;]<\/p>\n","protected":false},"author":1,"featured_media":0,"parent":0,"menu_order":0,"comment_status":"closed","ping_status":"closed","template":"elementor_header_footer","meta":{"_monsterinsights_skip_tracking":false,"_monsterinsights_sitenote_active":false,"_monsterinsights_sitenote_note":"","_monsterinsights_sitenote_category":0},"_links":{"self":[{"href":"http:\/\/sanchez-david.fr\/rj131927-ovh\/wp-json\/wp\/v2\/pages\/105"}],"collection":[{"href":"http:\/\/sanchez-david.fr\/rj131927-ovh\/wp-json\/wp\/v2\/pages"}],"about":[{"href":"http:\/\/sanchez-david.fr\/rj131927-ovh\/wp-json\/wp\/v2\/types\/page"}],"author":[{"embeddable":true,"href":"http:\/\/sanchez-david.fr\/rj131927-ovh\/wp-json\/wp\/v2\/users\/1"}],"replies":[{"embeddable":true,"href":"http:\/\/sanchez-david.fr\/rj131927-ovh\/wp-json\/wp\/v2\/comments?post=105"}],"version-history":[{"count":19,"href":"http:\/\/sanchez-david.fr\/rj131927-ovh\/wp-json\/wp\/v2\/pages\/105\/revisions"}],"predecessor-version":[{"id":349,"href":"http:\/\/sanchez-david.fr\/rj131927-ovh\/wp-json\/wp\/v2\/pages\/105\/revisions\/349"}],"wp:attachment":[{"href":"http:\/\/sanchez-david.fr\/rj131927-ovh\/wp-json\/wp\/v2\/media?parent=105"}],"curies":[{"name":"wp","href":"https:\/\/api.w.org\/{rel}","templated":true}]}}